{"id":29,"date":"2019-07-12T15:57:45","date_gmt":"2019-07-12T15:57:45","guid":{"rendered":"http:\/\/kirkkonummenpalvelukeskus.fi\/swe\/?page_id=29"},"modified":"2020-04-15T07:56:11","modified_gmt":"2020-04-15T07:56:11","slug":"motionstjanster","status":"publish","type":"page","link":"https:\/\/kirkkonummenpalvelukeskus.fi\/swe\/motionstjanster\/","title":{"rendered":"Motionstj\u00e4nster"},"content":{"rendered":"<h1>Vitala motionstj\u00e4nster i Kyrksl\u00e4tt<\/h1>\n<p>Kyrksl\u00e4tts Servicecentral erbjuder m\u00e5ngsida motionstj\u00e4nster f\u00f6r personer i alla \u00e5ldrar. Vi har en modern och m\u00e5ngsidig konditionssal samt ett omfattande utbud av olika gruppmotionstimmar. <a href=\"http:\/\/kirkkonummenpalvelukeskus.fi\/swe\/kontaktuppgifter\/\">Kontakta oss<\/a> n\u00e4r du beh\u00f6ver till exempel fysioterapitj\u00e4nster, ledning i konditionssalen, r\u00e5dgivning g\u00e4llande motionstj\u00e4nster, motion som f\u00f6rb\u00e4ttrar funktionaliteten eller individuell pilates-ledning. Motionstj\u00e4nsterna hj\u00e4lper dig att orka l\u00e4ngre och f\u00f6rutom muskelkraft ger de gl\u00e4dje och vitalitet i ditt liv!<\/p>\n<p><img loading=\"lazy\" decoding=\"async\" class=\"aligncenter size-full wp-image-246\" src=\"http:\/\/kirkkonummenpalvelukeskus.fi\/swe\/wp-content\/uploads\/sites\/2\/2020\/04\/Rullat-scaled.jpg\" alt=\"\" width=\"730\" height=\"487\" srcset=\"https:\/\/kirkkonummenpalvelukeskus.fi\/swe\/wp-content\/uploads\/sites\/2\/2020\/04\/Rullat-scaled.jpg 2560w, https:\/\/kirkkonummenpalvelukeskus.fi\/swe\/wp-content\/uploads\/sites\/2\/2020\/04\/Rullat-300x200.jpg 300w, https:\/\/kirkkonummenpalvelukeskus.fi\/swe\/wp-content\/uploads\/sites\/2\/2020\/04\/Rullat-1024x683.jpg 1024w, https:\/\/kirkkonummenpalvelukeskus.fi\/swe\/wp-content\/uploads\/sites\/2\/2020\/04\/Rullat-768x512.jpg 768w, https:\/\/kirkkonummenpalvelukeskus.fi\/swe\/wp-content\/uploads\/sites\/2\/2020\/04\/Rullat-1536x1024.jpg 1536w, https:\/\/kirkkonummenpalvelukeskus.fi\/swe\/wp-content\/uploads\/sites\/2\/2020\/04\/Rullat-2048x1365.jpg 2048w\" sizes=\"auto, (max-width: 730px) 100vw, 730px\" \/><\/p>\n<hr \/>\n<h2>Konditionssal<\/h2>\n<p>V\u00e5ra fysioterapeuter g\u00f6r g\u00e4rna ett konditionssalsprogram f\u00f6r dig. Till konditionssalen kommer man bekv\u00e4mt med ett tilltr\u00e4deskort som f\u00f6rsta g\u00e5ngen m\u00e5ste k\u00f6pas och laddas p\u00e5 plats hos oss. Dagstiderna \u00e4r avsedda fr\u00e4mst f\u00f6r pension\u00e4rer och kv\u00e4llstiderna f\u00f6r alla \u00f6ver 15 \u00e5r. <a href=\"http:\/\/kirkkonummenpalvelukeskus.fi\/swe\/konditionssal\/\">Bekanta dig med v\u00e5r konditionssal och salens tidtabeller!<\/a><\/p>\n<h2>Gruppmotion<\/h2>\n<p>Vi tillhandah\u00e5ller ledda konditionssalstr\u00e4ningsgrupper, pilates-grupper p\u00e5 olika niv\u00e5er och motionsgymnastik. Deltagande i v\u00e5ra motionsgrupper kr\u00e4ver f\u00f6rhandsanm\u00e4lning. <a href=\"http:\/\/kirkkonummenpalvelukeskus.fi\/swe\/gruppmotion\/\">Bekanta dig med v\u00e5ra gruppmotionstimmar och tidtabeller!<\/a><\/p>\n","protected":false},"excerpt":{"rendered":"<p>Vitala motionstj\u00e4nster i Kyrksl\u00e4tt Kyrksl\u00e4tts Servicecentral erbjuder m\u00e5ngsida motionstj\u00e4nster f\u00f6r personer i alla \u00e5ldrar. Vi har en modern och m\u00e5ngsidig konditionssal samt ett omfattande utbud av olika gruppmotionstimmar. Kontakta oss n\u00e4r du beh\u00f6ver till exempel fysioterapitj\u00e4nster, ledning i konditionssalen, r\u00e5dgivning g\u00e4llande motionstj\u00e4nster, motion som f\u00f6rb\u00e4ttrar funktionaliteten eller individuell pilates-ledning. Motionstj\u00e4nsterna hj\u00e4lper dig att orka l\u00e4ngre [&hellip;]<\/p>\n","protected":false},"author":1,"featured_media":0,"parent":0,"menu_order":0,"comment_status":"closed","ping_status":"closed","template":"","meta":{"footnotes":""},"class_list":["post-29","page","type-page","status-publish","hentry"],"_links":{"self":[{"href":"https:\/\/kirkkonummenpalvelukeskus.fi\/swe\/wp-json\/wp\/v2\/pages\/29","targetHints":{"allow":["GET"]}}],"collection":[{"href":"https:\/\/kirkkonummenpalvelukeskus.fi\/swe\/wp-json\/wp\/v2\/pages"}],"about":[{"href":"https:\/\/kirkkonummenpalvelukeskus.fi\/swe\/wp-json\/wp\/v2\/types\/page"}],"author":[{"embeddable":true,"href":"https:\/\/kirkkonummenpalvelukeskus.fi\/swe\/wp-json\/wp\/v2\/users\/1"}],"replies":[{"embeddable":true,"href":"https:\/\/kirkkonummenpalvelukeskus.fi\/swe\/wp-json\/wp\/v2\/comments?post=29"}],"version-history":[{"count":10,"href":"https:\/\/kirkkonummenpalvelukeskus.fi\/swe\/wp-json\/wp\/v2\/pages\/29\/revisions"}],"predecessor-version":[{"id":273,"href":"https:\/\/kirkkonummenpalvelukeskus.fi\/swe\/wp-json\/wp\/v2\/pages\/29\/revisions\/273"}],"wp:attachment":[{"href":"https:\/\/kirkkonummenpalvelukeskus.fi\/swe\/wp-json\/wp\/v2\/media?parent=29"}],"curies":[{"name":"wp","href":"https:\/\/api.w.org\/{rel}","templated":true}]}}