{"id":279,"date":"2020-04-15T08:09:31","date_gmt":"2020-04-15T08:09:31","guid":{"rendered":"http:\/\/kirkkonummenpalvelukeskus.fi\/swe\/?page_id=279"},"modified":"2025-06-10T06:48:40","modified_gmt":"2025-06-10T06:48:40","slug":"lunchrestaurang","status":"publish","type":"page","link":"https:\/\/kirkkonummenpalvelukeskus.fi\/swe\/lunchrestaurang\/","title":{"rendered":"Lunchrestaurang"},"content":{"rendered":"<h2>Lunchrestaurang<\/h2>\n<p>I Servicehuset finns en lunchrestaurang som drivs av kommunen. Kolla kommunens hemsidor f\u00f6r mer information: <em><a href=\"https:\/\/www.kyrkslatt.fi\/kosthallsservice\">Kosthallsservice<\/a><\/em><\/p>\n<p>Lunchen serveras varje dag kl. 11-13, ocks\u00e5 veckoslut. Kaffe och tilltugg f\u00e5r man varje dag fr\u00e5n kl. 8-13.<\/p>\n<p>Prislista:<br \/>\nLunch 7,80\u20ac och f\u00f6r pension\u00e4rer 7,41\u20ac.<br \/>\nKommunanst\u00e4llda kan \u00e4ta till personalpris.<br \/>\nKaffe: stor kopp 1,60\u20ac och liten kopp 1\u20ac<\/p>\n<p>Kolla veckans matlista: <a href=\"https:\/\/www.kyrkslatt.fi\/servicecentralens-matsedel\">matlista<\/a><\/p>\n<p><strong>K\u00f6kets kontaktuppgifter:<\/strong><br \/>\n<span class=\"phoneno\">050 4137457<\/span><br \/>\n<a class=\"emaillink\" href=\"mailto:\">palvelukeskus.keittio@kirkkonummi.fi<\/a><\/p>\n","protected":false},"excerpt":{"rendered":"<p>Lunchrestaurang I Servicehuset finns en lunchrestaurang som drivs av kommunen. Kolla kommunens hemsidor f\u00f6r mer information: Kosthallsservice Lunchen serveras varje dag kl. 11-13, ocks\u00e5 veckoslut. Kaffe och tilltugg f\u00e5r man varje dag fr\u00e5n kl. 8-13. Prislista: Lunch 7,80\u20ac och f\u00f6r pension\u00e4rer 7,41\u20ac. Kommunanst\u00e4llda kan \u00e4ta till personalpris. Kaffe: stor kopp 1,60\u20ac och liten kopp 1\u20ac [&hellip;]<\/p>\n","protected":false},"author":3,"featured_media":0,"parent":0,"menu_order":0,"comment_status":"closed","ping_status":"closed","template":"side-content-page-2.php","meta":{"footnotes":""},"class_list":["post-279","page","type-page","status-publish","hentry"],"_links":{"self":[{"href":"https:\/\/kirkkonummenpalvelukeskus.fi\/swe\/wp-json\/wp\/v2\/pages\/279","targetHints":{"allow":["GET"]}}],"collection":[{"href":"https:\/\/kirkkonummenpalvelukeskus.fi\/swe\/wp-json\/wp\/v2\/pages"}],"about":[{"href":"https:\/\/kirkkonummenpalvelukeskus.fi\/swe\/wp-json\/wp\/v2\/types\/page"}],"author":[{"embeddable":true,"href":"https:\/\/kirkkonummenpalvelukeskus.fi\/swe\/wp-json\/wp\/v2\/users\/3"}],"replies":[{"embeddable":true,"href":"https:\/\/kirkkonummenpalvelukeskus.fi\/swe\/wp-json\/wp\/v2\/comments?post=279"}],"version-history":[{"count":6,"href":"https:\/\/kirkkonummenpalvelukeskus.fi\/swe\/wp-json\/wp\/v2\/pages\/279\/revisions"}],"predecessor-version":[{"id":1186,"href":"https:\/\/kirkkonummenpalvelukeskus.fi\/swe\/wp-json\/wp\/v2\/pages\/279\/revisions\/1186"}],"wp:attachment":[{"href":"https:\/\/kirkkonummenpalvelukeskus.fi\/swe\/wp-json\/wp\/v2\/media?parent=279"}],"curies":[{"name":"wp","href":"https:\/\/api.w.org\/{rel}","templated":true}]}}