{"id":25,"date":"2019-07-12T15:57:19","date_gmt":"2019-07-12T15:57:19","guid":{"rendered":"http:\/\/kirkkonummenpalvelukeskus.fi\/swe\/?page_id=25"},"modified":"2019-07-18T13:53:19","modified_gmt":"2019-07-18T13:53:19","slug":"lymfaterapi","status":"publish","type":"page","link":"https:\/\/kirkkonummenpalvelukeskus.fi\/swe\/lymfaterapi\/","title":{"rendered":"Lymfaterapi"},"content":{"rendered":"<h1>Lymfaterapi<\/h1>\n<p><img loading=\"lazy\" decoding=\"async\" class=\"alignnone size-full wp-image-131\" src=\"http:\/\/kirkkonummenpalvelukeskus.fi\/swe\/wp-content\/uploads\/sites\/2\/2019\/07\/page-pic-9.jpg\" alt=\"\" width=\"730\" height=\"313\" srcset=\"https:\/\/kirkkonummenpalvelukeskus.fi\/swe\/wp-content\/uploads\/sites\/2\/2019\/07\/page-pic-9.jpg 730w, https:\/\/kirkkonummenpalvelukeskus.fi\/swe\/wp-content\/uploads\/sites\/2\/2019\/07\/page-pic-9-300x129.jpg 300w\" sizes=\"auto, (max-width: 730px) 100vw, 730px\" \/><\/p>\n<p>Lymfaterapi \u00e4r ett effektivt s\u00e4tt f\u00f6r att minska svulland i kroppen. Behandlingen best\u00e5r av l\u00e4tta, j\u00e4mna och rytmiska r\u00f6relser, som f\u00f6rb\u00e4ttrar lymfk\u00e4rlens funktion. M\u00e5let \u00e4r att f\u00f6rsnabba lymfk\u00e4rlens transportf\u00f6rm\u00e5ga, fr\u00e4mja borttransporten av v\u00e4tska och p\u00e5 s\u00e5 s\u00e4tt minska svullnad. Ers\u00e4ttning f\u00e5s fr\u00e5n FPA om du har en l\u00e4karremiss som f\u00e5s efter bland annat br\u00f6stcanceroperation, kronisk infektion eller annat kirurgiskt ingrepp. Vi m\u00e4ter och best\u00e4ller ocks\u00e5 st\u00f6dstrumpor.<\/p>\n<p>F\u00f6rfr\u00e5gningar och tidsbest\u00e4llning: Fysioterapeut\/lymfaterapeut <strong>Piia M\u00e4kel\u00e4<\/strong> <span class=\"phoneno\">050 565 1795<\/span><\/p>\n","protected":false},"excerpt":{"rendered":"<p>Lymfaterapi Lymfaterapi \u00e4r ett effektivt s\u00e4tt f\u00f6r att minska svulland i kroppen. Behandlingen best\u00e5r av l\u00e4tta, j\u00e4mna och rytmiska r\u00f6relser, som f\u00f6rb\u00e4ttrar lymfk\u00e4rlens funktion. M\u00e5let \u00e4r att f\u00f6rsnabba lymfk\u00e4rlens transportf\u00f6rm\u00e5ga, fr\u00e4mja borttransporten av v\u00e4tska och p\u00e5 s\u00e5 s\u00e4tt minska svullnad. Ers\u00e4ttning f\u00e5s fr\u00e5n FPA om du har en l\u00e4karremiss som f\u00e5s efter bland annat br\u00f6stcanceroperation, [&hellip;]<\/p>\n","protected":false},"author":1,"featured_media":0,"parent":0,"menu_order":0,"comment_status":"closed","ping_status":"closed","template":"","meta":{"footnotes":""},"class_list":["post-25","page","type-page","status-publish","hentry"],"_links":{"self":[{"href":"https:\/\/kirkkonummenpalvelukeskus.fi\/swe\/wp-json\/wp\/v2\/pages\/25","targetHints":{"allow":["GET"]}}],"collection":[{"href":"https:\/\/kirkkonummenpalvelukeskus.fi\/swe\/wp-json\/wp\/v2\/pages"}],"about":[{"href":"https:\/\/kirkkonummenpalvelukeskus.fi\/swe\/wp-json\/wp\/v2\/types\/page"}],"author":[{"embeddable":true,"href":"https:\/\/kirkkonummenpalvelukeskus.fi\/swe\/wp-json\/wp\/v2\/users\/1"}],"replies":[{"embeddable":true,"href":"https:\/\/kirkkonummenpalvelukeskus.fi\/swe\/wp-json\/wp\/v2\/comments?post=25"}],"version-history":[{"count":4,"href":"https:\/\/kirkkonummenpalvelukeskus.fi\/swe\/wp-json\/wp\/v2\/pages\/25\/revisions"}],"predecessor-version":[{"id":132,"href":"https:\/\/kirkkonummenpalvelukeskus.fi\/swe\/wp-json\/wp\/v2\/pages\/25\/revisions\/132"}],"wp:attachment":[{"href":"https:\/\/kirkkonummenpalvelukeskus.fi\/swe\/wp-json\/wp\/v2\/media?parent=25"}],"curies":[{"name":"wp","href":"https:\/\/api.w.org\/{rel}","templated":true}]}}