{"id":165,"date":"2019-10-07T12:27:53","date_gmt":"2019-10-07T12:27:53","guid":{"rendered":"http:\/\/kirkkonummenpalvelukeskus.fi\/swe\/?page_id=165"},"modified":"2025-01-02T11:50:53","modified_gmt":"2025-01-02T11:50:53","slug":"personal","status":"publish","type":"page","link":"https:\/\/kirkkonummenpalvelukeskus.fi\/swe\/personal\/","title":{"rendered":"Personal"},"content":{"rendered":"<h3>Personalen<\/h3>\n<hr \/>\n<h4 class=\"subhdng1\">Christa S\u00e5gbom<\/h4>\n<h5 class=\"subhdng2\">Fysioterapeut, PhysioTrainer och Pilates-ledare<img loading=\"lazy\" decoding=\"async\" class=\"alignright wp-image-835 size-medium\" src=\"https:\/\/kirkkonummenpalvelukeskus.fi\/swe\/wp-content\/uploads\/sites\/2\/2023\/09\/Christa-225x300.jpg\" alt=\"\" width=\"225\" height=\"300\" srcset=\"https:\/\/kirkkonummenpalvelukeskus.fi\/swe\/wp-content\/uploads\/sites\/2\/2023\/09\/Christa-225x300.jpg 225w, https:\/\/kirkkonummenpalvelukeskus.fi\/swe\/wp-content\/uploads\/sites\/2\/2023\/09\/Christa-768x1024.jpg 768w, https:\/\/kirkkonummenpalvelukeskus.fi\/swe\/wp-content\/uploads\/sites\/2\/2023\/09\/Christa-1152x1536.jpg 1152w, https:\/\/kirkkonummenpalvelukeskus.fi\/swe\/wp-content\/uploads\/sites\/2\/2023\/09\/Christa-1536x2048.jpg 1536w, https:\/\/kirkkonummenpalvelukeskus.fi\/swe\/wp-content\/uploads\/sites\/2\/2023\/09\/Christa-scaled.jpg 1920w\" sizes=\"auto, (max-width: 225px) 100vw, 225px\" \/><\/h5>\n<p>Jag \u00e4r en positiv, lugn och empatisk fysioterapeut som g\u00e4rna hj\u00e4lper b\u00e5de vuxna, barn och \u00e4ldre. Jag tycker det \u00e4r viktigt att tillsammans med kunden l\u00e4gga upp en individuell plan som st\u00f6der de egna m\u00e5ls\u00e4ttningarna. Jag tycker om aktiv r\u00f6rlighetstr\u00e4ning, kroppskontroll och rehabilitering av axel, kn\u00e4 och ryggrad (och mycket mer) \ud83d\ude42<\/p>\n<p>Jag behandlar ocks\u00e5 g\u00e4rna neurologiska kunder och tar \u00e4ven emot FPA kunder med kr\u00e4vande medicinsk rehabilitering. Som PT tycker jag om att utmana ocks\u00e5 \u00e4ldre personer med m\u00e5ngsidig och trygg styrketr\u00e4ning.<\/p>\n<p>Vid sidan om arbetet tycker jag om crossfit, hundar och naturen. Jag trivs bra b\u00e5de i kajaken och i fj\u00e4llen p\u00e5 skidor.<\/p>\n<hr \/>\n<h4 class=\"subhdng1\">Katja Haanper\u00e4<\/h4>\n<h5 class=\"subhdng2\">Fysioterapeut och Asahi Health instrukt\u00f6r<img loading=\"lazy\" decoding=\"async\" class=\"alignright wp-image-888 size-medium\" src=\"https:\/\/kirkkonummenpalvelukeskus.fi\/swe\/wp-content\/uploads\/sites\/2\/2024\/01\/Katja-1-226x300.jpg\" alt=\"\" width=\"226\" height=\"300\" srcset=\"https:\/\/kirkkonummenpalvelukeskus.fi\/swe\/wp-content\/uploads\/sites\/2\/2024\/01\/Katja-1-226x300.jpg 226w, https:\/\/kirkkonummenpalvelukeskus.fi\/swe\/wp-content\/uploads\/sites\/2\/2024\/01\/Katja-1-771x1024.jpg 771w, https:\/\/kirkkonummenpalvelukeskus.fi\/swe\/wp-content\/uploads\/sites\/2\/2024\/01\/Katja-1-768x1021.jpg 768w, https:\/\/kirkkonummenpalvelukeskus.fi\/swe\/wp-content\/uploads\/sites\/2\/2024\/01\/Katja-1-1156x1536.jpg 1156w, https:\/\/kirkkonummenpalvelukeskus.fi\/swe\/wp-content\/uploads\/sites\/2\/2024\/01\/Katja-1-1541x2048.jpg 1541w, https:\/\/kirkkonummenpalvelukeskus.fi\/swe\/wp-content\/uploads\/sites\/2\/2024\/01\/Katja-1-scaled.jpg 1927w\" sizes=\"auto, (max-width: 226px) 100vw, 226px\" \/><\/h5>\n<p>Jag har hoppat in som Sarahs vikarie under hennes mammaledighet. Jag har l\u00e5ng erfarenhet av att handleda grupper och tycker f\u00f6rutom det om att g\u00f6ra bl.a. konditionssalshandledningar och hembes\u00f6k.<\/p>\n<p>Jag tycker det \u00e4r viktigt att vara n\u00e4rvarande och skapa bra v\u00e4xelverkan med kunden. Jag \u00e4r intresserad av m\u00e4nniskans hela v\u00e4lbefinnande och studerar g\u00e4rna bl.a. \u00e5terh\u00e4mtning, s\u00f6mn och naturens inverkan p\u00e5 en balanserad livsstil.<\/p>\n<p>P\u00e5 fritiden tycker jag om att yoga, dansa och r\u00f6ra mig i naturen.<\/p>\n<hr \/>\n<h4 class=\"subhdng1\">Piia M\u00e4kel\u00e4<\/h4>\n<h5 class=\"subhdng2\">Fysioterapeut, Lymfaterapeut och Idrottsinstrukt\u00f6r <img loading=\"lazy\" decoding=\"async\" class=\"alignright size-medium wp-image-836\" src=\"https:\/\/kirkkonummenpalvelukeskus.fi\/swe\/wp-content\/uploads\/sites\/2\/2023\/09\/Piia-225x300.jpg\" alt=\"\" width=\"225\" height=\"300\" srcset=\"https:\/\/kirkkonummenpalvelukeskus.fi\/swe\/wp-content\/uploads\/sites\/2\/2023\/09\/Piia-225x300.jpg 225w, https:\/\/kirkkonummenpalvelukeskus.fi\/swe\/wp-content\/uploads\/sites\/2\/2023\/09\/Piia-768x1024.jpg 768w, https:\/\/kirkkonummenpalvelukeskus.fi\/swe\/wp-content\/uploads\/sites\/2\/2023\/09\/Piia-1152x1536.jpg 1152w, https:\/\/kirkkonummenpalvelukeskus.fi\/swe\/wp-content\/uploads\/sites\/2\/2023\/09\/Piia-1536x2048.jpg 1536w, https:\/\/kirkkonummenpalvelukeskus.fi\/swe\/wp-content\/uploads\/sites\/2\/2023\/09\/Piia-scaled.jpg 1920w\" sizes=\"auto, (max-width: 225px) 100vw, 225px\" \/><\/h5>\n<p>Jag \u00e4r en pigg och livlig lagspelare, som har flera \u00e5rs erferenhet av fysioterapi i st\u00f6d- och r\u00f6relseorganen. F\u00f6re jag flyttade till Kyrksl\u00e4tt jobbade jag 7 \u00e5r inom privata sektorns fysioterapi.<\/p>\n<p><span style=\"font-size: 1rem\">Till mina styrkor h\u00f6r behandling med lymfaterapi s\u00e5 jag behandlar g\u00e4rna olika sorters svullnad och \u00e4rrv\u00e4vnad. Jag m\u00e4ter och best\u00e4ller ocks\u00e5 individuella st\u00f6dstrumpor. Jag tycker ocks\u00e5 om att behandla olika sorters rygg- och nackproblem och tar \u00e4ven emot FPA kunder med kr\u00e4vande medicinsk rehabilitering.<\/span><\/p>\n<p>P\u00e5 fritiden tycker jag om att g\u00e5 ut med min hund och g\u00f6ra olika handarbeten och keramik. Pilates och konditionssalstr\u00e4ning h\u00f6r ocks\u00e5 till mitt veckoprogram.<\/p>\n<hr \/>\n<p>&nbsp;<\/p>\n<p class=\"subhdng1\"><strong>Sarah Hellakoski<\/strong><br \/>\n<img loading=\"lazy\" decoding=\"async\" class=\"alignright size-medium wp-image-837\" src=\"https:\/\/kirkkonummenpalvelukeskus.fi\/swe\/wp-content\/uploads\/sites\/2\/2023\/09\/Sarah-225x300.jpg\" alt=\"\" width=\"225\" height=\"300\" srcset=\"https:\/\/kirkkonummenpalvelukeskus.fi\/swe\/wp-content\/uploads\/sites\/2\/2023\/09\/Sarah-225x300.jpg 225w, https:\/\/kirkkonummenpalvelukeskus.fi\/swe\/wp-content\/uploads\/sites\/2\/2023\/09\/Sarah-768x1024.jpg 768w, https:\/\/kirkkonummenpalvelukeskus.fi\/swe\/wp-content\/uploads\/sites\/2\/2023\/09\/Sarah-1152x1536.jpg 1152w, https:\/\/kirkkonummenpalvelukeskus.fi\/swe\/wp-content\/uploads\/sites\/2\/2023\/09\/Sarah-1536x2048.jpg 1536w, https:\/\/kirkkonummenpalvelukeskus.fi\/swe\/wp-content\/uploads\/sites\/2\/2023\/09\/Sarah-scaled.jpg 1920w\" sizes=\"auto, (max-width: 225px) 100vw, 225px\" \/>Fysioterapeut och mass\u00f6r<\/p>\n<p>Som fysioterapeut tycker jag om att jobba med anpassad fysisk aktivitet och fr\u00e4mja h\u00e4lsan f\u00f6r personer i alla \u00e5ldrar. Det \u00e4r roligt och handleda f\u00f6rebyggande friskv\u00e5rd och kroppskontroll f\u00f6r b\u00e5de nyb\u00f6rjare och erfarna i grupp. Ocks\u00e5 som utbildad mass\u00f6r tycker jag om att kombinera fysioterapin med muskelv\u00e5rd som lindrar sm\u00e4rta och slappnar av mjukv\u00e4vnader i kroppen.<\/p>\n<p>P\u00e5 fritiden spelar jag handboll, golf och padel samt fungerar som fysioterapeut f\u00f6r handbollsdamer.<\/p>\n<hr \/>\n<p>&nbsp;<\/p>\n<h4 class=\"subhdng1\">Lasse M\u00e4nnikk\u00f6<\/h4>\n<h5 class=\"subhdng2\">Verkst\u00e4llande direkt\u00f6r <img loading=\"lazy\" decoding=\"async\" class=\"alignright size-medium wp-image-839\" src=\"https:\/\/kirkkonummenpalvelukeskus.fi\/swe\/wp-content\/uploads\/sites\/2\/2023\/09\/Lasse-2023-225x300.jpg\" alt=\"\" width=\"225\" height=\"300\" srcset=\"https:\/\/kirkkonummenpalvelukeskus.fi\/swe\/wp-content\/uploads\/sites\/2\/2023\/09\/Lasse-2023-225x300.jpg 225w, https:\/\/kirkkonummenpalvelukeskus.fi\/swe\/wp-content\/uploads\/sites\/2\/2023\/09\/Lasse-2023-768x1024.jpg 768w, https:\/\/kirkkonummenpalvelukeskus.fi\/swe\/wp-content\/uploads\/sites\/2\/2023\/09\/Lasse-2023-1152x1536.jpg 1152w, https:\/\/kirkkonummenpalvelukeskus.fi\/swe\/wp-content\/uploads\/sites\/2\/2023\/09\/Lasse-2023-1536x2048.jpg 1536w, https:\/\/kirkkonummenpalvelukeskus.fi\/swe\/wp-content\/uploads\/sites\/2\/2023\/09\/Lasse-2023-scaled.jpg 1920w\" sizes=\"auto, (max-width: 225px) 100vw, 225px\" \/><\/h5>\n<p>Lasse \u00e4r stiftelsens verkst\u00e4llande direkt\u00f6r. Han ansvarar f\u00f6r huset och det administrativa. P\u00e5 fritiden tycker Lasse om att jaga och spela s\u00e4hly. Han har ocks\u00e5 b\u00f6rjat med en ny hobby, CrossFit.<\/p>\n<p>&nbsp;<\/p>\n","protected":false},"excerpt":{"rendered":"<p>Personalen Christa S\u00e5gbom Fysioterapeut, PhysioTrainer och Pilates-ledare Jag \u00e4r en positiv, lugn och empatisk fysioterapeut som g\u00e4rna hj\u00e4lper b\u00e5de vuxna, barn och \u00e4ldre. Jag tycker det \u00e4r viktigt att tillsammans med kunden l\u00e4gga upp en individuell plan som st\u00f6der de egna m\u00e5ls\u00e4ttningarna. Jag tycker om aktiv r\u00f6rlighetstr\u00e4ning, kroppskontroll och rehabilitering av axel, kn\u00e4 och ryggrad [&hellip;]<\/p>\n","protected":false},"author":3,"featured_media":0,"parent":0,"menu_order":0,"comment_status":"closed","ping_status":"closed","template":"","meta":{"footnotes":""},"class_list":["post-165","page","type-page","status-publish","hentry"],"_links":{"self":[{"href":"https:\/\/kirkkonummenpalvelukeskus.fi\/swe\/wp-json\/wp\/v2\/pages\/165","targetHints":{"allow":["GET"]}}],"collection":[{"href":"https:\/\/kirkkonummenpalvelukeskus.fi\/swe\/wp-json\/wp\/v2\/pages"}],"about":[{"href":"https:\/\/kirkkonummenpalvelukeskus.fi\/swe\/wp-json\/wp\/v2\/types\/page"}],"author":[{"embeddable":true,"href":"https:\/\/kirkkonummenpalvelukeskus.fi\/swe\/wp-json\/wp\/v2\/users\/3"}],"replies":[{"embeddable":true,"href":"https:\/\/kirkkonummenpalvelukeskus.fi\/swe\/wp-json\/wp\/v2\/comments?post=165"}],"version-history":[{"count":5,"href":"https:\/\/kirkkonummenpalvelukeskus.fi\/swe\/wp-json\/wp\/v2\/pages\/165\/revisions"}],"predecessor-version":[{"id":1108,"href":"https:\/\/kirkkonummenpalvelukeskus.fi\/swe\/wp-json\/wp\/v2\/pages\/165\/revisions\/1108"}],"wp:attachment":[{"href":"https:\/\/kirkkonummenpalvelukeskus.fi\/swe\/wp-json\/wp\/v2\/media?parent=165"}],"curies":[{"name":"wp","href":"https:\/\/api.w.org\/{rel}","templated":true}]}}