{"id":153,"date":"2019-10-07T12:21:57","date_gmt":"2019-10-07T12:21:57","guid":{"rendered":"http:\/\/kirkkonummenpalvelukeskus.fi\/swe\/?page_id=153"},"modified":"2026-01-08T06:01:48","modified_gmt":"2026-01-08T06:01:48","slug":"fotvardare","status":"publish","type":"page","link":"https:\/\/kirkkonummenpalvelukeskus.fi\/swe\/fotvardare\/","title":{"rendered":"Fotv\u00e5rd"},"content":{"rendered":"<h2><strong>Fotv\u00e5rd<\/strong><\/h2>\n<p><img loading=\"lazy\" decoding=\"async\" class=\"alignright wp-image-289 size-medium\" src=\"http:\/\/kirkkonummenpalvelukeskus.fi\/swe\/wp-content\/uploads\/sites\/2\/2020\/04\/IMG_20200416_110001-300x300.jpg\" alt=\"\" width=\"300\" height=\"300\" srcset=\"https:\/\/kirkkonummenpalvelukeskus.fi\/swe\/wp-content\/uploads\/sites\/2\/2020\/04\/IMG_20200416_110001-300x300.jpg 300w, https:\/\/kirkkonummenpalvelukeskus.fi\/swe\/wp-content\/uploads\/sites\/2\/2020\/04\/IMG_20200416_110001-1024x1024.jpg 1024w, https:\/\/kirkkonummenpalvelukeskus.fi\/swe\/wp-content\/uploads\/sites\/2\/2020\/04\/IMG_20200416_110001-150x150.jpg 150w, https:\/\/kirkkonummenpalvelukeskus.fi\/swe\/wp-content\/uploads\/sites\/2\/2020\/04\/IMG_20200416_110001-768x768.jpg 768w, https:\/\/kirkkonummenpalvelukeskus.fi\/swe\/wp-content\/uploads\/sites\/2\/2020\/04\/IMG_20200416_110001-1536x1536.jpg 1536w, https:\/\/kirkkonummenpalvelukeskus.fi\/swe\/wp-content\/uploads\/sites\/2\/2020\/04\/IMG_20200416_110001-2048x2048.jpg 2048w\" sizes=\"auto, (max-width: 300px) 100vw, 300px\" \/><\/p>\n<p>Maria Hallen, Empaticare T:mi, \u00e4r forv\u00e5rdare p\u00e5 Servicecentralen fr\u00e5n 1.1.2026.<br \/>\nF\u00f6rfr\u00e5gningar och tidsbest\u00e4llning direkt fr\u00e5n henne. <span class=\"phoneno\">050 555 1166<\/span><br \/>\n<a class=\"emaillink\" href=\"mailto:maria@empaticare.fi\">maria@empaticare.fi<\/a><\/p>\n","protected":false},"excerpt":{"rendered":"<p>Fotv\u00e5rd Maria Hallen, Empaticare T:mi, \u00e4r forv\u00e5rdare p\u00e5 Servicecentralen fr\u00e5n 1.1.2026. F\u00f6rfr\u00e5gningar och tidsbest\u00e4llning direkt fr\u00e5n henne. 050 555 1166 maria@empaticare.fi<\/p>\n","protected":false},"author":3,"featured_media":0,"parent":0,"menu_order":0,"comment_status":"closed","ping_status":"closed","template":"","meta":{"footnotes":""},"class_list":["post-153","page","type-page","status-publish","hentry"],"_links":{"self":[{"href":"https:\/\/kirkkonummenpalvelukeskus.fi\/swe\/wp-json\/wp\/v2\/pages\/153","targetHints":{"allow":["GET"]}}],"collection":[{"href":"https:\/\/kirkkonummenpalvelukeskus.fi\/swe\/wp-json\/wp\/v2\/pages"}],"about":[{"href":"https:\/\/kirkkonummenpalvelukeskus.fi\/swe\/wp-json\/wp\/v2\/types\/page"}],"author":[{"embeddable":true,"href":"https:\/\/kirkkonummenpalvelukeskus.fi\/swe\/wp-json\/wp\/v2\/users\/3"}],"replies":[{"embeddable":true,"href":"https:\/\/kirkkonummenpalvelukeskus.fi\/swe\/wp-json\/wp\/v2\/comments?post=153"}],"version-history":[{"count":6,"href":"https:\/\/kirkkonummenpalvelukeskus.fi\/swe\/wp-json\/wp\/v2\/pages\/153\/revisions"}],"predecessor-version":[{"id":1268,"href":"https:\/\/kirkkonummenpalvelukeskus.fi\/swe\/wp-json\/wp\/v2\/pages\/153\/revisions\/1268"}],"wp:attachment":[{"href":"https:\/\/kirkkonummenpalvelukeskus.fi\/swe\/wp-json\/wp\/v2\/media?parent=153"}],"curies":[{"name":"wp","href":"https:\/\/api.w.org\/{rel}","templated":true}]}}